

{"id":10840,"date":"2023-08-21T13:06:05","date_gmt":"2023-08-21T11:06:05","guid":{"rendered":"https:\/\/www.rand-oz.fr\/?page_id=10840"},"modified":"2023-08-27T17:47:47","modified_gmt":"2023-08-27T15:47:47","slug":"politique-de-confidentialite-2","status":"publish","type":"page","link":"https:\/\/www.rand-oz.fr\/?page_id=10840","title":{"rendered":"Politique de confidentialit\u00e9"},"content":{"rendered":"\t\t<div data-elementor-type=\"wp-page\" data-elementor-id=\"10840\" class=\"elementor elementor-10840\">\n\t\t\t\t\t\t<section class=\"elementor-section elementor-top-section elementor-element elementor-element-479756e9 elementor-section-boxed elementor-section-height-default elementor-section-height-default\" data-id=\"479756e9\" data-element_type=\"section\" data-e-type=\"section\">\n\t\t\t\t\t\t<div class=\"elementor-container elementor-column-gap-default\">\n\t\t\t\t\t<div class=\"elementor-column elementor-col-100 elementor-top-column elementor-element elementor-element-284ebfac\" data-id=\"284ebfac\" data-element_type=\"column\" data-e-type=\"column\">\n\t\t\t<div class=\"elementor-widget-wrap elementor-element-populated\">\n\t\t\t\t\t\t<div class=\"elementor-element elementor-element-26ee17a1 elementor-widget elementor-widget-text-editor\" data-id=\"26ee17a1\" data-element_type=\"widget\" data-e-type=\"widget\" data-widget_type=\"text-editor.default\">\n\t\t\t\t<div class=\"elementor-widget-container\">\n\t\t\t\t\t\t\t\t\t<h2><span style=\"color: #000000;\">Qui sommes-nous\u00a0?<\/span><\/h2><p><span style=\"color: #000000;\">L\u2019adresse de notre site Web est : https:\/\/www.rand-oz.fr<\/span><br \/><span style=\"color: #000000;\">Vous pouvez nous joindre \u00e0 l&#8217;adresse contact@rand-oz.fr<\/span><\/p><h2><span style=\"color: #000000;\">Utilisation des donn\u00e9es personnelles collect\u00e9es<\/span><\/h2><h3><span style=\"color: #000000;\">Commentaires<\/span><\/h3><p><span style=\"color: #000000;\">Quand vous laissez un commentaire sur notre site web, les donn\u00e9es inscrites dans le formulaire de commentaire, mais aussi votre adresse IP et l\u2019agent utilisateur de votre navigateur sont collect\u00e9s pour nous aider \u00e0 la d\u00e9tection des commentaires ind\u00e9sirables.<\/span><\/p><p><span style=\"color: #000000;\">Une cha\u00eene anonymis\u00e9e cr\u00e9\u00e9e \u00e0 partir de votre adresse de messagerie (\u00e9galement appel\u00e9e hash) peut \u00eatre envoy\u00e9e au service Gravatar pour v\u00e9rifier si vous utilisez ce dernier. Les clauses de confidentialit\u00e9 du service Gravatar sont disponibles ici\u00a0: https:\/\/automattic.com\/privacy\/. Apr\u00e8s validation de votre commentaire, votre photo de profil sera visible publiquement \u00e0 cot\u00e9 de votre commentaire.<\/span><\/p><h3><span style=\"color: #000000;\">Cookies<\/span><\/h3><p><span style=\"color: #000000;\">Si vous d\u00e9posez un commentaire sur notre site, il vous sera propos\u00e9 d\u2019enregistrer votre nom, adresse de messagerie et site web dans des cookies. C\u2019est uniquement pour votre confort afin de ne pas avoir \u00e0 saisir ces informations si vous d\u00e9posez un autre commentaire plus tard. Ces cookies expirent au bout d\u2019un an.<\/span><\/p><p><span style=\"color: #000000;\">Si vous avez un compte et que vous vous connectez sur ce site, un cookie temporaire sera cr\u00e9\u00e9 afin de d\u00e9terminer si votre navigateur accepte les cookies. Il ne contient pas de donn\u00e9es personnelles et sera supprim\u00e9 automatiquement \u00e0 la fermeture de votre navigateur.<\/span><\/p><p><span style=\"color: #000000;\">Lorsque vous vous connecterez, nous mettrons en place un certain nombre de cookies pour enregistrer vos informations de connexion et vos pr\u00e9f\u00e9rences d\u2019\u00e9cran. La dur\u00e9e de vie d\u2019un cookie de connexion est de deux jours, celle d\u2019un cookie d\u2019option d\u2019\u00e9cran est d\u2019un an. Si vous cochez \u00ab\u00a0Se souvenir de moi\u00a0\u00bb, votre cookie de connexion sera conserv\u00e9 pendant deux semaines. Si vous vous d\u00e9connectez de votre compte, le cookie de connexion sera effac\u00e9.<\/span><\/p><h3><span style=\"color: #000000;\">Donn\u00e9es personnelles<\/span><\/h3><p><span style=\"color: #000000;\">Les donn\u00e9es personnelles suivantes sont n\u00e9cessaires pour l&#8217;\u00e9tablissement de votre licence de randonn\u00e9e :<\/span><\/p><ul><li><span style=\"color: #000000;\">Nom<\/span><\/li><li><span style=\"color: #000000;\">Pr\u00e9nom<\/span><\/li><li><span style=\"color: #000000;\">Date de naissance<\/span><\/li><li><span style=\"color: #000000;\">N\u00b0 licence si renouvellement<\/span><\/li><li><span style=\"color: #000000;\">Adresse<\/span><\/li><li><span style=\"color: #000000;\">T\u00e9l\u00e9phone<\/span><\/li><li><span style=\"color: #000000;\">Email<\/span><\/li><li><span style=\"color: #000000;\">Nom et t\u00e9l\u00e9phone d&#8217;un contact en cas d&#8217;accident<\/span><\/li><\/ul><p><span style=\"color: #000000;\">Lorsque nous organisons des voyages, nous pouvons \u00e9galement vous demander :<\/span><\/p><ul><li><span style=\"color: #000000;\">Nom<\/span><\/li><li><span style=\"color: #000000;\">Pr\u00e9nom<\/span><\/li><li><span style=\"color: #000000;\">T\u00e9l\u00e9phone<\/span><\/li><li><span style=\"color: #000000;\">Email<\/span><\/li><li><span style=\"color: #000000;\">Nom et t\u00e9l\u00e9phone d&#8217;un contact en cas d&#8217;accident<\/span><\/li><\/ul><p><span style=\"color: #000000;\">Pour la gestion de l&#8217;association nous vous demandons \u00e9galement :<\/span><\/p><ul><li><span style=\"color: #000000;\">Pseudo<\/span><\/li><li><span style=\"color: #000000;\">Un scan du certificat m\u00e9dical d&#8217;aptitude \u00e0 la randonn\u00e9e ou une auto\u00e9valuation<\/span><\/li><li><span style=\"color: #000000;\">Un scan de votre licence ou de votre Pass D\u00e9couverte si acquis aupr\u00e8s d&#8217;un autre club.<\/span><\/li><\/ul><h3>\u00a0<\/h3><h2><span style=\"color: #000000;\">Stockage, transmission et dur\u00e9e de conservation de vos donn\u00e9es personnelles<\/span><\/h2><h3><span style=\"color: #000000;\">Stockage et transmission de vos donn\u00e9es personnelles<\/span><\/h3><p><span style=\"color: #000000;\">Les commentaires des visiteurs peuvent \u00eatre v\u00e9rifi\u00e9s \u00e0 l\u2019aide d\u2019un service automatis\u00e9 de d\u00e9tection des commentaires ind\u00e9sirables.<\/span><\/p><p><span style=\"color: #000000;\">Pour g\u00e9rer le r\u00e8glement de votre licence ou de votre participation \u00e0 un voyage nous utilisons le serveur de paiement BILLETWEB. Les donn\u00e9es personnelles que vous nous fournissez \u00e0 l&#8217;occasion de votre inscription sont stock\u00e9es sur ce serveur.<\/span><br \/><span style=\"color: #000000;\">Les mentions l\u00e9gales concernant Billetweb sont consultables \u00e0 l&#8217;adresse suivante : https:\/\/www.billetweb.fr\/fr\/legal<\/span><\/p><p><span style=\"color: #000000;\">Vos donn\u00e9es personnelles sont transmise \u00e0 la FFRandonn\u00e9e pour l&#8217;\u00e9tablissement de votre licence. Vous pouvez consulter ces donn\u00e9es en allant sur le site de la f\u00e9d\u00e9ration https:\/\/www.ffrandonnee.fr\/ et en utilisant l&#8217;identifiant et le mot de passe qui vous ont \u00e9t\u00e9 communiqu\u00e9s.<\/span><\/p><p><span style=\"color: #000000;\">Vos donn\u00e9es personnelles sont \u00e9galement stock\u00e9es chez notre fournisseur d&#8217;acc\u00e8s O2Switch, h\u00e9bergeur 100% Fran\u00e7ais dont les datacenters sont situ\u00e9s \u00e0 Clermont-Ferrand.<\/span><br \/><span style=\"color: #000000;\">Vous trouverez la politique des donn\u00e9es personnelles d&#8217;O2switch en cliquant <a style=\"color: #000000;\" href=\"https:\/\/www.o2switch.fr\/du-rgpd.pdf\" target=\"_blank\" rel=\"noopener noreferrer\">ici<\/a>.<\/span><br \/><span style=\"color: #000000;\">Nous stockons \u00e9galement vos donn\u00e9es personnelles sur DROPBOX, mais nous prenons le soin de les chiffrer sur nos PC avant de les remonter dans le cloud. Elles sont donc illisibles par le prestataire.<\/span><\/p><h3><span style=\"color: #000000;\">Dur\u00e9es de stockage de vos donn\u00e9es<\/span><\/h3><p><span style=\"color: #000000;\">Si vous laissez un commentaire, le commentaire et ses m\u00e9tadonn\u00e9es sont conserv\u00e9s ind\u00e9finiment. Cela permet de reconna\u00eetre et approuver automatiquement les commentaires suivants au lieu de les laisser dans la file de mod\u00e9ration.<\/span><\/p><p><span style=\"color: #000000;\">Les adh\u00e9rents de l&#8217;association obtiennent automatiquement un compte sur notre site. Apr\u00e8s identification, ce compte leur permet de consulter des \u00e9l\u00e9ments non publics comme les comptes rendus d&#8217;assembl\u00e9es g\u00e9n\u00e9rales ou les \u00e9v\u00e8nements r\u00e9serv\u00e9s aux seuls adh\u00e9rents.<\/span><br \/><span style=\"color: #000000;\">Ce compte est d\u00e9sactiv\u00e9 chaque ann\u00e9e fin ao\u00fbt si l&#8217;adh\u00e9rent n&#8217;a pas renouvel\u00e9 son adh\u00e9sion. Il est r\u00e9activ\u00e9 d\u00e8s renouvellement de la licence et de l&#8217;adh\u00e9sion \u00e0 l&#8217;association.<\/span><br \/><span style=\"color: #000000;\">Les adh\u00e9rents peuvent voir, modifier ou supprimer leurs informations personnelles \u00e0 tout moment (\u00e0 l\u2019exception de leur nom d\u2019utilisateur). Ils peuvent notamment g\u00e9rer sous quelle identit\u00e9 appara\u00eetront leurs commentaires sur le site : pseudo ou nom r\u00e9el.<\/span><br \/><span style=\"color: #000000;\">Les gestionnaires du site peuvent aussi voir et modifier ces informations.<\/span><\/p><p><span style=\"color: #000000;\">Nous conservons toutes vos donn\u00e9es personnelles de licence\u00a0 pendant une dur\u00e9e de 3 ans et demi correspondant \u00e0 la dur\u00e9e de validit\u00e9 de votre certificat m\u00e9dical et au temps de traitement.<\/span><br \/><span style=\"color: #000000;\">Les certificats m\u00e9dicaux transmis physiquement par la poste sont \u00e9galement d\u00e9truits pass\u00e9 ce d\u00e9lai.<\/span><\/p><h2><span style=\"color: #000000;\">Les droits que vous avez sur vos donn\u00e9es<\/span><\/h2><p><span style=\"color: #000000;\">Si vous avez un compte (adh\u00e9rents de l&#8217;association) ou si vous avez laiss\u00e9 des commentaires sur le site, vous pouvez demander \u00e0 recevoir un fichier contenant toutes les donn\u00e9es personnelles que nous poss\u00e9dons \u00e0 votre sujet, incluant celles que vous nous avez fournies. Vous pouvez \u00e9galement demander la suppression des donn\u00e9es personnelles vous concernant. Cela ne prend pas en compte les donn\u00e9es stock\u00e9es \u00e0 des fins administratives, l\u00e9gales ou pour des raisons de s\u00e9curit\u00e9.<\/span><br \/><span style=\"color: #000000;\">NB : Si vous demandez la suppression de vos donn\u00e9es personnelles et que vous souhaitez randonner \u00e0 nouveau avec nous, vous devrez nous fournir un nouveau certificat m\u00e9dical.<\/span><\/p>\t\t\t\t\t\t\t\t<\/div>\n\t\t\t\t<\/div>\n\t\t\t\t\t<\/div>\n\t\t<\/div>\n\t\t\t\t\t<\/div>\n\t\t<\/section>\n\t\t\t\t<section class=\"elementor-section elementor-top-section elementor-element elementor-element-370a7a50 elementor-section-boxed elementor-section-height-default elementor-section-height-default\" data-id=\"370a7a50\" data-element_type=\"section\" data-e-type=\"section\">\n\t\t\t\t\t\t<div class=\"elementor-container elementor-column-gap-default\">\n\t\t\t\t\t<div class=\"elementor-column elementor-col-100 elementor-top-column elementor-element elementor-element-53a5b38c\" data-id=\"53a5b38c\" data-element_type=\"column\" data-e-type=\"column\">\n\t\t\t<div class=\"elementor-widget-wrap elementor-element-populated\">\n\t\t\t\t\t\t<div class=\"elementor-element elementor-element-43b1e3a4 elementor-widget elementor-widget-spacer\" data-id=\"43b1e3a4\" data-element_type=\"widget\" data-e-type=\"widget\" data-widget_type=\"spacer.default\">\n\t\t\t\t<div class=\"elementor-widget-container\">\n\t\t\t\t\t\t\t<div class=\"elementor-spacer\">\n\t\t\t<div class=\"elementor-spacer-inner\"><\/div>\n\t\t<\/div>\n\t\t\t\t\t\t<\/div>\n\t\t\t\t<\/div>\n\t\t\t\t\t<\/div>\n\t\t<\/div>\n\t\t\t\t\t<\/div>\n\t\t<\/section>\n\t\t\t\t<section class=\"elementor-section elementor-top-section elementor-element elementor-element-2eaa82f4 elementor-section-boxed elementor-section-height-default elementor-section-height-default\" data-id=\"2eaa82f4\" data-element_type=\"section\" data-e-type=\"section\">\n\t\t\t\t\t\t<div class=\"elementor-container elementor-column-gap-default\">\n\t\t\t\t\t<div class=\"elementor-column elementor-col-100 elementor-top-column elementor-element elementor-element-11aa4ee8\" data-id=\"11aa4ee8\" data-element_type=\"column\" data-e-type=\"column\">\n\t\t\t<div class=\"elementor-widget-wrap elementor-element-populated\">\n\t\t\t\t\t\t<div class=\"elementor-element elementor-element-6e185391 elementor-view-default elementor-widget elementor-widget-icon\" data-id=\"6e185391\" data-element_type=\"widget\" data-e-type=\"widget\" data-widget_type=\"icon.default\">\n\t\t\t\t<div class=\"elementor-widget-container\">\n\t\t\t\t\t\t\t<div class=\"elementor-icon-wrapper\">\n\t\t\t<a class=\"elementor-icon\" href=\"http:\/\/rand-oz.fr\">\n\t\t\t<i aria-hidden=\"true\" class=\"fas fa-home\"><\/i>\t\t\t<\/a>\n\t\t<\/div>\n\t\t\t\t\t\t<\/div>\n\t\t\t\t<\/div>\n\t\t\t\t\t<\/div>\n\t\t<\/div>\n\t\t\t\t\t<\/div>\n\t\t<\/section>\n\t\t\t\t<\/div>\n\t\t","protected":false},"excerpt":{"rendered":"<p>Qui sommes-nous\u00a0? L\u2019adresse de notre site Web est : https:\/\/www.rand-oz.frVous pouvez nous joindre \u00e0 l&#8217;adresse contact@rand-oz.fr Utilisation des donn\u00e9es personnelles collect\u00e9es Commentaires Quand vous laissez un commentaire sur notre site web, les donn\u00e9es inscrites dans le formulaire de commentaire, mais aussi votre adresse IP et l\u2019agent utilisateur de votre navigateur sont collect\u00e9s pour nous aider [&hellip;]<\/p>\n","protected":false},"author":291,"featured_media":0,"parent":0,"menu_order":0,"comment_status":"closed","ping_status":"closed","template":"","meta":{"site-sidebar-layout":"no-sidebar","site-content-layout":"page-builder","ast-site-content-layout":"default","site-content-style":"default","site-sidebar-style":"default","ast-global-header-display":"","ast-banner-title-visibility":"","ast-main-header-display":"","ast-hfb-above-header-display":"","ast-hfb-below-header-display":"","ast-hfb-mobile-header-display":"","site-post-title":"","ast-breadcrumbs-content":"","ast-featured-img":"","footer-sml-layout":"","ast-disable-related-posts":"","theme-transparent-header-meta":"default","adv-header-id-meta":"","stick-header-meta":"","header-above-stick-meta":"","header-main-stick-meta":"","header-below-stick-meta":"","astra-migrate-meta-layouts":"set","ast-page-background-enabled":"default","ast-page-background-meta":{"desktop":{"background-color":"var(--ast-global-color-4)","background-image":"","background-repeat":"repeat","background-position":"center center","background-size":"auto","background-attachment":"scroll","background-type":"","background-media":"","overlay-type":"","overlay-color":"","overlay-opacity":"","overlay-gradient":""},"tablet":{"background-color":"","background-image":"","background-repeat":"repeat","background-position":"center center","background-size":"auto","background-attachment":"scroll","background-type":"","background-media":"","overlay-type":"","overlay-color":"","overlay-opacity":"","overlay-gradient":""},"mobile":{"background-color":"","background-image":"","background-repeat":"repeat","background-position":"center center","background-size":"auto","background-attachment":"scroll","background-type":"","background-media":"","overlay-type":"","overlay-color":"","overlay-opacity":"","overlay-gradient":""}},"ast-content-background-meta":{"desktop":{"background-color":"var(--ast-global-color-5)","background-image":"","background-repeat":"repeat","background-position":"center center","background-size":"auto","background-attachment":"scroll","background-type":"","background-media":"","overlay-type":"","overlay-color":"","overlay-opacity":"","overlay-gradient":""},"tablet":{"background-color":"var(--ast-global-color-5)","background-image":"","background-repeat":"repeat","background-position":"center center","background-size":"auto","background-attachment":"scroll","background-type":"","background-media":"","overlay-type":"","overlay-color":"","overlay-opacity":"","overlay-gradient":""},"mobile":{"background-color":"var(--ast-global-color-5)","background-image":"","background-repeat":"repeat","background-position":"center center","background-size":"auto","background-attachment":"scroll","background-type":"","background-media":"","overlay-type":"","overlay-color":"","overlay-opacity":"","overlay-gradient":""}},"footnotes":""},"class_list":["post-10840","page","type-page","status-publish","hentry"],"_links":{"self":[{"href":"https:\/\/www.rand-oz.fr\/index.php?rest_route=\/wp\/v2\/pages\/10840","targetHints":{"allow":["GET"]}}],"collection":[{"href":"https:\/\/www.rand-oz.fr\/index.php?rest_route=\/wp\/v2\/pages"}],"about":[{"href":"https:\/\/www.rand-oz.fr\/index.php?rest_route=\/wp\/v2\/types\/page"}],"author":[{"embeddable":true,"href":"https:\/\/www.rand-oz.fr\/index.php?rest_route=\/wp\/v2\/users\/291"}],"replies":[{"embeddable":true,"href":"https:\/\/www.rand-oz.fr\/index.php?rest_route=%2Fwp%2Fv2%2Fcomments&post=10840"}],"version-history":[{"count":10,"href":"https:\/\/www.rand-oz.fr\/index.php?rest_route=\/wp\/v2\/pages\/10840\/revisions"}],"predecessor-version":[{"id":11455,"href":"https:\/\/www.rand-oz.fr\/index.php?rest_route=\/wp\/v2\/pages\/10840\/revisions\/11455"}],"wp:attachment":[{"href":"https:\/\/www.rand-oz.fr\/index.php?rest_route=%2Fwp%2Fv2%2Fmedia&parent=10840"}],"curies":[{"name":"wp","href":"https:\/\/api.w.org\/{rel}","templated":true}]}}