

{"id":11599,"date":"2023-08-29T11:46:10","date_gmt":"2023-08-29T09:46:10","guid":{"rendered":"https:\/\/www.rand-oz.fr\/?page_id=11599"},"modified":"2025-08-12T14:36:14","modified_gmt":"2025-08-12T12:36:14","slug":"randonner-bis","status":"publish","type":"page","link":"https:\/\/www.rand-oz.fr\/?page_id=11599","title":{"rendered":"Randonner"},"content":{"rendered":"\t\t<div data-elementor-type=\"wp-page\" data-elementor-id=\"11599\" class=\"elementor elementor-11599\">\n\t\t\t\t\t\t<section class=\"elementor-section elementor-top-section elementor-element elementor-element-216eaee0 elementor-section-boxed elementor-section-height-default elementor-section-height-default\" data-id=\"216eaee0\" data-element_type=\"section\" data-e-type=\"section\">\n\t\t\t\t\t\t<div class=\"elementor-container elementor-column-gap-default\">\n\t\t\t\t\t<div class=\"elementor-column elementor-col-100 elementor-top-column elementor-element elementor-element-5332c104\" data-id=\"5332c104\" data-element_type=\"column\" data-e-type=\"column\">\n\t\t\t<div class=\"elementor-widget-wrap elementor-element-populated\">\n\t\t\t\t\t\t<div class=\"elementor-element elementor-element-3dbe1bdf elementor-widget elementor-widget-spacer\" data-id=\"3dbe1bdf\" data-element_type=\"widget\" data-e-type=\"widget\" data-widget_type=\"spacer.default\">\n\t\t\t\t<div class=\"elementor-widget-container\">\n\t\t\t\t\t\t\t<div class=\"elementor-spacer\">\n\t\t\t<div class=\"elementor-spacer-inner\"><\/div>\n\t\t<\/div>\n\t\t\t\t\t\t<\/div>\n\t\t\t\t<\/div>\n\t\t\t\t\t<\/div>\n\t\t<\/div>\n\t\t\t\t\t<\/div>\n\t\t<\/section>\n\t\t\t\t<section class=\"elementor-section elementor-top-section elementor-element elementor-element-5caec01f elementor-section-boxed elementor-section-height-default elementor-section-height-default\" data-id=\"5caec01f\" data-element_type=\"section\" data-e-type=\"section\">\n\t\t\t\t\t\t<div class=\"elementor-container elementor-column-gap-default\">\n\t\t\t\t\t<div class=\"elementor-column elementor-col-100 elementor-top-column elementor-element elementor-element-1574fef0\" data-id=\"1574fef0\" data-element_type=\"column\" data-e-type=\"column\">\n\t\t\t<div class=\"elementor-widget-wrap elementor-element-populated\">\n\t\t\t\t\t\t<div class=\"elementor-element elementor-element-81bd86f elementor-widget elementor-widget-heading\" data-id=\"81bd86f\" data-element_type=\"widget\" data-e-type=\"widget\" data-widget_type=\"heading.default\">\n\t\t\t\t<div class=\"elementor-widget-container\">\n\t\t\t\t\t<h2 class=\"elementor-heading-title elementor-size-default\">Randonner r\u00e9guli\u00e8rement<\/h2>\t\t\t\t<\/div>\n\t\t\t\t<\/div>\n\t\t\t\t\t<\/div>\n\t\t<\/div>\n\t\t\t\t\t<\/div>\n\t\t<\/section>\n\t\t\t\t<section class=\"elementor-section elementor-top-section elementor-element elementor-element-27b16818 elementor-section-boxed elementor-section-height-default elementor-section-height-default\" data-id=\"27b16818\" data-element_type=\"section\" data-e-type=\"section\">\n\t\t\t\t\t\t<div class=\"elementor-container elementor-column-gap-default\">\n\t\t\t\t\t<div class=\"elementor-column elementor-col-100 elementor-top-column elementor-element elementor-element-59553b9b\" data-id=\"59553b9b\" data-element_type=\"column\" data-e-type=\"column\">\n\t\t\t<div class=\"elementor-widget-wrap elementor-element-populated\">\n\t\t\t\t\t\t<div class=\"elementor-element elementor-element-16f6cf52 elementor-widget elementor-widget-spacer\" data-id=\"16f6cf52\" data-element_type=\"widget\" data-e-type=\"widget\" data-widget_type=\"spacer.default\">\n\t\t\t\t<div class=\"elementor-widget-container\">\n\t\t\t\t\t\t\t<div class=\"elementor-spacer\">\n\t\t\t<div class=\"elementor-spacer-inner\"><\/div>\n\t\t<\/div>\n\t\t\t\t\t\t<\/div>\n\t\t\t\t<\/div>\n\t\t\t\t\t<\/div>\n\t\t<\/div>\n\t\t\t\t\t<\/div>\n\t\t<\/section>\n\t\t\t\t<section class=\"elementor-section elementor-top-section elementor-element elementor-element-106d33cd elementor-section-boxed elementor-section-height-default elementor-section-height-default\" data-id=\"106d33cd\" data-element_type=\"section\" data-e-type=\"section\">\n\t\t\t\t\t\t<div class=\"elementor-container elementor-column-gap-default\">\n\t\t\t\t\t<div class=\"elementor-column elementor-col-100 elementor-top-column elementor-element elementor-element-2760ffd1\" data-id=\"2760ffd1\" data-element_type=\"column\" data-e-type=\"column\">\n\t\t\t<div class=\"elementor-widget-wrap elementor-element-populated\">\n\t\t\t\t\t\t<div class=\"elementor-element elementor-element-569e0b4 elementor-widget elementor-widget-image\" data-id=\"569e0b4\" data-element_type=\"widget\" data-e-type=\"widget\" data-widget_type=\"image.default\">\n\t\t\t\t<div class=\"elementor-widget-container\">\n\t\t\t\t\t\t\t\t\t\t\t\t\t\t\t<img fetchpriority=\"high\" decoding=\"async\" width=\"800\" height=\"534\" src=\"https:\/\/www.rand-oz.fr\/wp-content\/uploads\/2023\/08\/Randonneurs-automne-GR.jpg\" class=\"attachment-large size-large wp-image-11600\" alt=\"\" srcset=\"https:\/\/www.rand-oz.fr\/wp-content\/uploads\/2023\/08\/Randonneurs-automne-GR.jpg 800w, https:\/\/www.rand-oz.fr\/wp-content\/uploads\/2023\/08\/Randonneurs-automne-GR-300x200.jpg 300w, https:\/\/www.rand-oz.fr\/wp-content\/uploads\/2023\/08\/Randonneurs-automne-GR-768x513.jpg 768w\" sizes=\"(max-width: 800px) 100vw, 800px\" \/>\t\t\t\t\t\t\t\t\t\t\t\t\t\t\t<\/div>\n\t\t\t\t<\/div>\n\t\t\t\t\t<\/div>\n\t\t<\/div>\n\t\t\t\t\t<\/div>\n\t\t<\/section>\n\t\t\t\t<section class=\"elementor-section elementor-top-section elementor-element elementor-element-37a97e3a elementor-section-boxed elementor-section-height-default elementor-section-height-default\" data-id=\"37a97e3a\" data-element_type=\"section\" data-e-type=\"section\">\n\t\t\t\t\t\t<div class=\"elementor-container elementor-column-gap-default\">\n\t\t\t\t\t<div class=\"elementor-column elementor-col-100 elementor-top-column elementor-element elementor-element-45e2c0df\" data-id=\"45e2c0df\" data-element_type=\"column\" data-e-type=\"column\">\n\t\t\t<div class=\"elementor-widget-wrap elementor-element-populated\">\n\t\t\t\t\t\t<div class=\"elementor-element elementor-element-48f3392d elementor-widget elementor-widget-spacer\" data-id=\"48f3392d\" data-element_type=\"widget\" data-e-type=\"widget\" data-widget_type=\"spacer.default\">\n\t\t\t\t<div class=\"elementor-widget-container\">\n\t\t\t\t\t\t\t<div class=\"elementor-spacer\">\n\t\t\t<div class=\"elementor-spacer-inner\"><\/div>\n\t\t<\/div>\n\t\t\t\t\t\t<\/div>\n\t\t\t\t<\/div>\n\t\t\t\t\t<\/div>\n\t\t<\/div>\n\t\t\t\t\t<\/div>\n\t\t<\/section>\n\t\t\t\t<section class=\"elementor-section elementor-top-section elementor-element elementor-element-3601e604 elementor-section-boxed elementor-section-height-default elementor-section-height-default\" data-id=\"3601e604\" data-element_type=\"section\" data-e-type=\"section\">\n\t\t\t\t\t\t<div class=\"elementor-container elementor-column-gap-default\">\n\t\t\t\t\t<div class=\"elementor-column elementor-col-100 elementor-top-column elementor-element elementor-element-3f997b91\" data-id=\"3f997b91\" data-element_type=\"column\" data-e-type=\"column\">\n\t\t\t<div class=\"elementor-widget-wrap elementor-element-populated\">\n\t\t\t\t\t\t<div class=\"elementor-element elementor-element-2097aac0 elementor-widget elementor-widget-text-editor\" data-id=\"2097aac0\" data-element_type=\"widget\" data-e-type=\"widget\" data-widget_type=\"text-editor.default\">\n\t\t\t\t<div class=\"elementor-widget-container\">\n\t\t\t\t\t\t\t\t\t<p>Si vous souhaitez randonner r\u00e9guli\u00e8rement avec nous (au del\u00e0 de la rando d&#8217;essai), il faudra que vous soyez en possession d&#8217;une licence en cours de validit\u00e9 et que vous adh\u00e9riez \u00e0 l&#8217;association.<\/p><p><strong>Pourquoi une licence ?<\/strong><\/p><ul><li>Tout d\u2019abord, il s\u2019agit d\u2019une participation \u00e0 l\u2019entretien et au balisage des chemins (GR et autres PR) que nous empruntons,<\/li><li>La licence est assortie d\u2019une assurance qui vous couvre lors de vos activit\u00e9s sportives en fonction de l\u2019option choisie, et ceci dans le monde entier, que ce soit dans le cadre de Rand\u2019Oz ou avec un autre organisme, ou m\u00eame si vous partez seul (la licence vous appartient en propre et n\u2019appartient pas \u00e0 l\u2019association),<\/li><li>Rand\u2019Oz est affili\u00e9e \u00e0 la FFRandonn\u00e9e et n\u2019est assur\u00e9e lors des randonn\u00e9es que si l\u2019ensemble des participants poss\u00e8de une licence FFRandonn\u00e9e avec une assurance valide. Une exception est tol\u00e9r\u00e9e pour les randonn\u00e9es d\u2019essai (une randonn\u00e9e maximum).<\/li><\/ul><p><strong><br \/>Pourquoi adh\u00e9rer \u00e0 l&#8217;association ?<br \/><\/strong>En plus de la licence, vous adh\u00e9rez \u00e0 Rand&#8217;Oz pour un co\u00fbt\u00a0 de 7 euros par an. Gr\u00e2ce \u00e0 cette adh\u00e9sion :<\/p><ul><li>vous contribuez au paiement des frais que doit supporter l&#8217;association (assurance f\u00e9d\u00e9rale du club, h\u00e9bergement du site internet, etc&#8230;),<\/li><li>vous pouvez voter lors de l&#8217;Assembl\u00e9e G\u00e9n\u00e9rale annuelle et prendre une part active \u00e0 la vie de l&#8217;association,<\/li><li>vous pouvez participer \u00e0 des week-ends ouverts uniquement aux adh\u00e9rents,<\/li><li>vous participez \u00e0 l&#8217;effort de formation des organisateurs (Rand&#8217;Oz rembourse \u00e0 hauteur de 50% maximum le co\u00fbt de formation des organisateurs).<\/li><\/ul><p><strong><br \/>Quel est le programme ?<\/strong><\/p><p>Rendez-vous sur notre site rand-oz.fr et cliquez sur le bouton : &#8220;Nos sorties&#8221;<br \/>Cliquez sur la sortie qui vous int\u00e9resse<br \/>Assurez vous que vous avez le niveau<\/p><p>NB : la plus part de nos organisateurs sont encore dans la vie active. Compte tenu de leurs imp\u00e9ratifs professionnels il leur est difficile de planifier plusieurs mois \u00e0 l&#8217;avance. Aussi n&#8217;h\u00e9sitez pas \u00e0 consulter notre planning m\u00eame en derni\u00e8re minute.<\/p><p><strong>Comment participer ?<\/strong><\/p><p>Une fois inscrit sur le site de Rand&#8217;oz, connectez vous au site<br \/>S\u00e9lectionnez la sortie qui vous int\u00e9resse<br \/>Cliquez sur le bouton &#8220;s&#8217;inscrire \u00e0 la sortie&#8221; en bas du descriptif<\/p><p><strong>Bonnes randonn\u00e9es<\/strong><\/p>\t\t\t\t\t\t\t\t<\/div>\n\t\t\t\t<\/div>\n\t\t\t\t\t<\/div>\n\t\t<\/div>\n\t\t\t\t\t<\/div>\n\t\t<\/section>\n\t\t\t\t<section class=\"elementor-section elementor-top-section elementor-element elementor-element-4704d217 elementor-section-boxed elementor-section-height-default elementor-section-height-default\" data-id=\"4704d217\" data-element_type=\"section\" data-e-type=\"section\">\n\t\t\t\t\t\t<div class=\"elementor-container elementor-column-gap-default\">\n\t\t\t\t\t<div class=\"elementor-column elementor-col-100 elementor-top-column elementor-element elementor-element-6c82c04e\" data-id=\"6c82c04e\" data-element_type=\"column\" data-e-type=\"column\">\n\t\t\t<div class=\"elementor-widget-wrap elementor-element-populated\">\n\t\t\t\t\t\t<div class=\"elementor-element elementor-element-76c6c2e0 elementor-widget elementor-widget-spacer\" data-id=\"76c6c2e0\" data-element_type=\"widget\" data-e-type=\"widget\" data-widget_type=\"spacer.default\">\n\t\t\t\t<div class=\"elementor-widget-container\">\n\t\t\t\t\t\t\t<div class=\"elementor-spacer\">\n\t\t\t<div class=\"elementor-spacer-inner\"><\/div>\n\t\t<\/div>\n\t\t\t\t\t\t<\/div>\n\t\t\t\t<\/div>\n\t\t\t\t\t<\/div>\n\t\t<\/div>\n\t\t\t\t\t<\/div>\n\t\t<\/section>\n\t\t\t\t<section class=\"elementor-section elementor-top-section elementor-element elementor-element-55123e1e elementor-section-boxed elementor-section-height-default elementor-section-height-default\" data-id=\"55123e1e\" data-element_type=\"section\" data-e-type=\"section\">\n\t\t\t\t\t\t<div class=\"elementor-container elementor-column-gap-default\">\n\t\t\t\t\t<div class=\"elementor-column elementor-col-100 elementor-top-column elementor-element elementor-element-3ab63d7f\" data-id=\"3ab63d7f\" data-element_type=\"column\" data-e-type=\"column\">\n\t\t\t<div class=\"elementor-widget-wrap elementor-element-populated\">\n\t\t\t\t\t\t<div class=\"elementor-element elementor-element-1ffe6b3d elementor-align-center elementor-widget elementor-widget-button\" data-id=\"1ffe6b3d\" data-element_type=\"widget\" data-e-type=\"widget\" data-widget_type=\"button.default\">\n\t\t\t\t<div class=\"elementor-widget-container\">\n\t\t\t\t\t\t\t\t\t<div class=\"elementor-button-wrapper\">\n\t\t\t\t\t<a class=\"elementor-button elementor-button-link elementor-size-sm\" href=\"https:\/\/www.rand-oz.fr\/?page_id=11537\">\n\t\t\t\t\t\t<span class=\"elementor-button-content-wrapper\">\n\t\t\t\t\t\t\t\t\t<span class=\"elementor-button-text\">Nous rejoindre<\/span>\n\t\t\t\t\t<\/span>\n\t\t\t\t\t<\/a>\n\t\t\t\t<\/div>\n\t\t\t\t\t\t\t\t<\/div>\n\t\t\t\t<\/div>\n\t\t\t\t\t<\/div>\n\t\t<\/div>\n\t\t\t\t\t<\/div>\n\t\t<\/section>\n\t\t\t\t<section class=\"elementor-section elementor-top-section elementor-element elementor-element-3a6b1d53 elementor-section-boxed elementor-section-height-default elementor-section-height-default\" data-id=\"3a6b1d53\" data-element_type=\"section\" data-e-type=\"section\">\n\t\t\t\t\t\t<div class=\"elementor-container elementor-column-gap-default\">\n\t\t\t\t\t<div class=\"elementor-column elementor-col-100 elementor-top-column elementor-element elementor-element-66666994\" data-id=\"66666994\" data-element_type=\"column\" data-e-type=\"column\">\n\t\t\t<div class=\"elementor-widget-wrap elementor-element-populated\">\n\t\t\t\t\t\t<div class=\"elementor-element elementor-element-3aaf88f0 elementor-widget elementor-widget-spacer\" data-id=\"3aaf88f0\" data-element_type=\"widget\" data-e-type=\"widget\" data-widget_type=\"spacer.default\">\n\t\t\t\t<div class=\"elementor-widget-container\">\n\t\t\t\t\t\t\t<div class=\"elementor-spacer\">\n\t\t\t<div class=\"elementor-spacer-inner\"><\/div>\n\t\t<\/div>\n\t\t\t\t\t\t<\/div>\n\t\t\t\t<\/div>\n\t\t\t\t\t<\/div>\n\t\t<\/div>\n\t\t\t\t\t<\/div>\n\t\t<\/section>\n\t\t\t\t<section class=\"elementor-section elementor-top-section elementor-element elementor-element-5aca24c3 elementor-section-boxed elementor-section-height-default elementor-section-height-default\" data-id=\"5aca24c3\" data-element_type=\"section\" data-e-type=\"section\">\n\t\t\t\t\t\t<div class=\"elementor-container elementor-column-gap-default\">\n\t\t\t\t\t<div class=\"elementor-column elementor-col-100 elementor-top-column elementor-element elementor-element-5a7bc37f\" data-id=\"5a7bc37f\" data-element_type=\"column\" data-e-type=\"column\">\n\t\t\t<div class=\"elementor-widget-wrap elementor-element-populated\">\n\t\t\t\t\t\t<div class=\"elementor-element elementor-element-68d7aae1 elementor-view-default elementor-widget elementor-widget-icon\" data-id=\"68d7aae1\" data-element_type=\"widget\" data-e-type=\"widget\" data-widget_type=\"icon.default\">\n\t\t\t\t<div class=\"elementor-widget-container\">\n\t\t\t\t\t\t\t<div class=\"elementor-icon-wrapper\">\n\t\t\t<a class=\"elementor-icon\" href=\"https:\/\/www.rand-oz.fr\">\n\t\t\t<i aria-hidden=\"true\" class=\"fas fa-home\"><\/i>\t\t\t<\/a>\n\t\t<\/div>\n\t\t\t\t\t\t<\/div>\n\t\t\t\t<\/div>\n\t\t\t\t\t<\/div>\n\t\t<\/div>\n\t\t\t\t\t<\/div>\n\t\t<\/section>\n\t\t\t\t<\/div>\n\t\t","protected":false},"excerpt":{"rendered":"<p>Randonner r\u00e9guli\u00e8rement Si vous souhaitez randonner r\u00e9guli\u00e8rement avec nous (au del\u00e0 de la rando d&#8217;essai), il faudra que vous soyez en possession d&#8217;une licence en cours de validit\u00e9 et que vous adh\u00e9riez \u00e0 l&#8217;association. Pourquoi une licence ? Tout d\u2019abord, il s\u2019agit d\u2019une participation \u00e0 l\u2019entretien et au balisage des chemins (GR et autres PR) [&hellip;]<\/p>\n","protected":false},"author":291,"featured_media":0,"parent":0,"menu_order":0,"comment_status":"closed","ping_status":"closed","template":"","meta":{"site-sidebar-layout":"no-sidebar","site-content-layout":"page-builder","ast-site-content-layout":"default","site-content-style":"default","site-sidebar-style":"default","ast-global-header-display":"","ast-banner-title-visibility":"","ast-main-header-display":"","ast-hfb-above-header-display":"","ast-hfb-below-header-display":"","ast-hfb-mobile-header-display":"","site-post-title":"disabled","ast-breadcrumbs-content":"","ast-featured-img":"disabled","footer-sml-layout":"","ast-disable-related-posts":"","theme-transparent-header-meta":"default","adv-header-id-meta":"","stick-header-meta":"","header-above-stick-meta":"","header-main-stick-meta":"","header-below-stick-meta":"","astra-migrate-meta-layouts":"set","ast-page-background-enabled":"default","ast-page-background-meta":{"desktop":{"background-color":"var(--ast-global-color-4)","background-image":"","background-repeat":"repeat","background-position":"center center","background-size":"auto","background-attachment":"scroll","background-type":"","background-media":"","overlay-type":"","overlay-color":"","overlay-opacity":"","overlay-gradient":""},"tablet":{"background-color":"","background-image":"","background-repeat":"repeat","background-position":"center center","background-size":"auto","background-attachment":"scroll","background-type":"","background-media":"","overlay-type":"","overlay-color":"","overlay-opacity":"","overlay-gradient":""},"mobile":{"background-color":"","background-image":"","background-repeat":"repeat","background-position":"center center","background-size":"auto","background-attachment":"scroll","background-type":"","background-media":"","overlay-type":"","overlay-color":"","overlay-opacity":"","overlay-gradient":""}},"ast-content-background-meta":{"desktop":{"background-color":"var(--ast-global-color-5)","background-image":"","background-repeat":"repeat","background-position":"center center","background-size":"auto","background-attachment":"scroll","background-type":"","background-media":"","overlay-type":"","overlay-color":"","overlay-opacity":"","overlay-gradient":""},"tablet":{"background-color":"var(--ast-global-color-5)","background-image":"","background-repeat":"repeat","background-position":"center center","background-size":"auto","background-attachment":"scroll","background-type":"","background-media":"","overlay-type":"","overlay-color":"","overlay-opacity":"","overlay-gradient":""},"mobile":{"background-color":"var(--ast-global-color-5)","background-image":"","background-repeat":"repeat","background-position":"center center","background-size":"auto","background-attachment":"scroll","background-type":"","background-media":"","overlay-type":"","overlay-color":"","overlay-opacity":"","overlay-gradient":""}},"footnotes":""},"class_list":["post-11599","page","type-page","status-publish","hentry"],"_links":{"self":[{"href":"https:\/\/www.rand-oz.fr\/index.php?rest_route=\/wp\/v2\/pages\/11599","targetHints":{"allow":["GET"]}}],"collection":[{"href":"https:\/\/www.rand-oz.fr\/index.php?rest_route=\/wp\/v2\/pages"}],"about":[{"href":"https:\/\/www.rand-oz.fr\/index.php?rest_route=\/wp\/v2\/types\/page"}],"author":[{"embeddable":true,"href":"https:\/\/www.rand-oz.fr\/index.php?rest_route=\/wp\/v2\/users\/291"}],"replies":[{"embeddable":true,"href":"https:\/\/www.rand-oz.fr\/index.php?rest_route=%2Fwp%2Fv2%2Fcomments&post=11599"}],"version-history":[{"count":16,"href":"https:\/\/www.rand-oz.fr\/index.php?rest_route=\/wp\/v2\/pages\/11599\/revisions"}],"predecessor-version":[{"id":14045,"href":"https:\/\/www.rand-oz.fr\/index.php?rest_route=\/wp\/v2\/pages\/11599\/revisions\/14045"}],"wp:attachment":[{"href":"https:\/\/www.rand-oz.fr\/index.php?rest_route=%2Fwp%2Fv2%2Fmedia&parent=11599"}],"curies":[{"name":"wp","href":"https:\/\/api.w.org\/{rel}","templated":true}]}}